{"id":14429,"date":"2014-07-30T21:24:57","date_gmt":"2014-07-31T04:24:57","guid":{"rendered":"https:\/\/www.oslc.org\/publicaciones\/"},"modified":"2023-08-14T16:04:29","modified_gmt":"2023-08-14T23:04:29","slug":"publicaciones","status":"publish","type":"page","link":"https:\/\/www.oslc.org\/es\/publicaciones\/","title":{"rendered":"Publicaciones"},"content":{"rendered":"<h3><\/h3>\n<p>Como grupo, hemos publicado aproximadamente 1000 art\u00edculos en revistas cient\u00edficas, escrito m\u00e1s de 200 cap\u00edtulos en libros de texto sobre ni\u00f1os y adolescentes y sus familias, publicado varios libros y realizado muchas pel\u00edculas, videos y cintas de audio sobre la crianza de los hijos. Tambi\u00e9n hemos sido destacados en revistas nacionales populares como <em>Atlantic Monthly, Family Circle<\/em> y <em>Psychology Today<\/em>, as\u00ed como en programas de televisi\u00f3n nacionales e internacionales.<\/p>\n<p>Consulte nuestras <a title=\"Investigaciones m\u00e1s citadas\" href=\"https:\/\/www.oslc.org\/publications\/cited\/\">investigaciones m\u00e1s citadas<\/a> o investigaciones que se han sido nombrado por agencias federales y fundaciones privadas como <a title=\"Mejores pr\u00e1cticas\" href=\"https:\/\/www.oslc.org\/publications\/best-practice\/\">mejores pr\u00e1cticas<\/a>.<\/p>\n<h3>Derechos de autor:<\/h3>\n<p>Los abstractos aqu\u00ed son para uso personal y no deben utilizarse ni extraerse en cualquier otra publicaci\u00f3n.<\/p>\n","protected":false},"excerpt":{"rendered":"<p>Como grupo, hemos publicado aproximadamente 1000 art\u00edculos en revistas cient\u00edficas, escrito m\u00e1s de 200 cap\u00edtulos en libros de texto sobre ni\u00f1os y adolescentes y sus familias, publicado varios libros y realizado muchas pel\u00edculas, videos y cintas de audio sobre la crianza de los hijos. Tambi\u00e9n hemos sido destacados en revistas nacionales populares como Atlantic Monthly, [&hellip;]<\/p>\n","protected":false},"author":7,"featured_media":0,"parent":0,"menu_order":0,"comment_status":"closed","ping_status":"closed","template":"page-publications.php","meta":{"_acf_changed":false,"_seopress_robots_primary_cat":"","_seopress_titles_title":"","_seopress_titles_desc":"","_seopress_robots_index":"","site-sidebar-layout":"default","site-content-layout":"","ast-site-content-layout":"default","site-content-style":"default","site-sidebar-style":"default","ast-global-header-display":"","ast-banner-title-visibility":"","ast-main-header-display":"","ast-hfb-above-header-display":"","ast-hfb-below-header-display":"","ast-hfb-mobile-header-display":"","site-post-title":"disabled","ast-breadcrumbs-content":"","ast-featured-img":"","footer-sml-layout":"","ast-disable-related-posts":"","theme-transparent-header-meta":"","adv-header-id-meta":"","stick-header-meta":"","header-above-stick-meta":"","header-main-stick-meta":"","header-below-stick-meta":"","astra-migrate-meta-layouts":"default","ast-page-background-enabled":"default","ast-page-background-meta":{"desktop":{"background-color":"","background-image":"","background-repeat":"repeat","background-position":"center center","background-size":"auto","background-attachment":"scroll","background-type":"","background-media":"","overlay-type":"","overlay-color":"","overlay-opacity":"","overlay-gradient":""},"tablet":{"background-color":"","background-image":"","background-repeat":"repeat","background-position":"center center","background-size":"auto","background-attachment":"scroll","background-type":"","background-media":"","overlay-type":"","overlay-color":"","overlay-opacity":"","overlay-gradient":""},"mobile":{"background-color":"","background-image":"","background-repeat":"repeat","background-position":"center center","background-size":"auto","background-attachment":"scroll","background-type":"","background-media":"","overlay-type":"","overlay-color":"","overlay-opacity":"","overlay-gradient":""}},"ast-content-background-meta":{"desktop":{"background-color":"var(--ast-global-color-5)","background-image":"","background-repeat":"repeat","background-position":"center center","background-size":"auto","background-attachment":"scroll","background-type":"","background-media":"","overlay-type":"","overlay-color":"","overlay-opacity":"","overlay-gradient":""},"tablet":{"background-color":"var(--ast-global-color-5)","background-image":"","background-repeat":"repeat","background-position":"center center","background-size":"auto","background-attachment":"scroll","background-type":"","background-media":"","overlay-type":"","overlay-color":"","overlay-opacity":"","overlay-gradient":""},"mobile":{"background-color":"var(--ast-global-color-5)","background-image":"","background-repeat":"repeat","background-position":"center center","background-size":"auto","background-attachment":"scroll","background-type":"","background-media":"","overlay-type":"","overlay-color":"","overlay-opacity":"","overlay-gradient":""}},"footnotes":""},"class_list":["post-14429","page","type-page","status-publish","hentry"],"acf":[],"_links":{"self":[{"href":"https:\/\/www.oslc.org\/es\/wp-json\/wp\/v2\/pages\/14429","targetHints":{"allow":["GET"]}}],"collection":[{"href":"https:\/\/www.oslc.org\/es\/wp-json\/wp\/v2\/pages"}],"about":[{"href":"https:\/\/www.oslc.org\/es\/wp-json\/wp\/v2\/types\/page"}],"author":[{"embeddable":true,"href":"https:\/\/www.oslc.org\/es\/wp-json\/wp\/v2\/users\/7"}],"replies":[{"embeddable":true,"href":"https:\/\/www.oslc.org\/es\/wp-json\/wp\/v2\/comments?post=14429"}],"version-history":[{"count":0,"href":"https:\/\/www.oslc.org\/es\/wp-json\/wp\/v2\/pages\/14429\/revisions"}],"wp:attachment":[{"href":"https:\/\/www.oslc.org\/es\/wp-json\/wp\/v2\/media?parent=14429"}],"curies":[{"name":"wp","href":"https:\/\/api.w.org\/{rel}","templated":true}]}}