{"id":12968,"date":"2014-07-30T21:28:06","date_gmt":"2014-07-31T04:28:06","guid":{"rendered":"https:\/\/www.oslc.org\/cientificos\/"},"modified":"2025-04-07T15:48:31","modified_gmt":"2025-04-07T22:48:31","slug":"cientificos","status":"publish","type":"page","link":"https:\/\/www.oslc.org\/es\/cientificos\/","title":{"rendered":"Cient\u00edficos"},"content":{"rendered":"\n<p>Los cient\u00edficos de OSLC han obtenido su Ph.D. en psicolog\u00eda cl\u00ednica, del desarrollo, de asesoramiento, cuantitativa o escolar. Cada uno publica extensamente en literatura cient\u00edfica y, en conjunto, los cient\u00edficos de OSLC han producido m\u00e1s de 1,000 publicaciones. Los cient\u00edficos de OSLC presentan regularmente los resultados de sus investigaciones en conferencias internacionales, nacionales, regionales y\/o estatales.<\/p>\n\n<p>Los cient\u00edficos de OSLC han obtenido su Ph.D. en psicolog\u00eda cl\u00ednica, del desarrollo, de asesoramiento, cuantitativa o escolar. Cada uno publica extensamente en literatura cient\u00edfica y, en conjunto, los cient\u00edficos de OSLC han producido m\u00e1s de 1,000 publicaciones. Los cient\u00edficos de OSLC presentan regularmente los resultados de sus investigaciones en conferencias internacionales, nacionales, regionales y\/o estatales.<\/p>\n\n<p><strong>Escoja un\/a cient\u00edfico\/a:<\/strong><a href=\"\" target=\"_self\" rel=\"noopener\">\n Proyecto\n<\/a><a href=\"\" target=\"_self\" rel=\"noopener\">\n Tipo\n<\/a><a href=\"\" target=\"_self\" rel=\"noopener\">\n \u00daltimo inicial\n<\/a><a href=\"\" target=\"_self\" rel=\"noopener\">\n Empezar de nuevo\n<\/a><\/p>\n\n<p>Los cient\u00edficos de OSLC han obtenido su Ph.D. en psicolog\u00eda cl\u00ednica, del desarrollo, de asesoramiento, cuantitativa o escolar. Cada uno publica extensamente en literatura cient\u00edfica y, en conjunto, los cient\u00edficos de OSLC han producido m\u00e1s de 1,000 publicaciones. Los cient\u00edficos de OSLC presentan regularmente los resultados de sus investigaciones en conferencias internacionales, nacionales, regionales y\/o estatales.<\/p>\n\n<p><strong>Escoja un\/a cient\u00edfico\/a:<\/strong><a href=\"\" target=\"_self\" rel=\"noopener\">\n Proyecto\n<\/a><a href=\"\" target=\"_self\" rel=\"noopener\">\n Tipo\n<\/a><a href=\"\" target=\"_self\" rel=\"noopener\">\n \u00daltimo inicial\n<\/a><a href=\"\" target=\"_self\" rel=\"noopener\">\n Empezar de nuevo\n<\/a><strong>Nombre del\/la cient\u00edfico\/a<\/strong><\/p>\n\n<figure class=\"wp-block-image\"><a href=\"https:\/\/www.oslc.org\/es\/\"><img decoding=\"async\" src=\"https:\/\/www.oslc.org\/wp-content\/uploads\/2022\/05\/Tess-Photo-BW-240x300.jpg\" alt=\"\"\/><\/a><\/figure>\n\n<p>T\u00edtulo <strong>Nombre del\/la cient\u00edfico\/a<\/strong><\/p>\n\n<figure class=\"wp-block-image\"><a href=\"https:\/\/www.oslc.org\/es\/\"><img decoding=\"async\" src=\"https:\/\/www.oslc.org\/wp-content\/uploads\/2022\/05\/Tess-Photo-BW-240x300.jpg\" alt=\"\"\/><\/a><\/figure>\n\n<p>\n<strong>T\u00edtulo Nombre del\/la cient\u00edfico\/a<\/strong><\/p>\n\n<figure class=\"wp-block-image\"><a href=\"https:\/\/www.oslc.org\/es\/\"><img decoding=\"async\" src=\"https:\/\/www.oslc.org\/wp-content\/uploads\/2022\/05\/Tess-Photo-BW-240x300.jpg\" alt=\"\"\/><\/a><\/figure>\n\n<p> T\u00edtulo <strong>Nombre del\/la cient\u00edfico\/a<\/strong><\/p>\n\n<figure class=\"wp-block-image\"><a href=\"https:\/\/www.oslc.org\/es\/\"><img decoding=\"async\" src=\"https:\/\/www.oslc.org\/wp-content\/uploads\/2022\/05\/Tess-Photo-BW-240x300.jpg\" alt=\"\"\/><\/a><\/figure>\n\n<p> T\u00edtulo <strong>Nombre del\/la cient\u00edfico\/a<\/strong><\/p>\n\n<figure class=\"wp-block-image\"><a href=\"https:\/\/www.oslc.org\/es\/\"><img decoding=\"async\" src=\"https:\/\/www.oslc.org\/wp-content\/uploads\/2022\/05\/Tess-Photo-BW-240x300.jpg\" alt=\"\"\/><\/a><\/figure>\n\n<p> T\u00edtulo <strong>Nombre del\/la cient\u00edfico\/a<\/strong><\/p>\n\n<figure class=\"wp-block-image\"><a href=\"https:\/\/www.oslc.org\/es\/\"><img decoding=\"async\" src=\"https:\/\/www.oslc.org\/wp-content\/uploads\/2022\/05\/Tess-Photo-BW-240x300.jpg\" alt=\"\"\/><\/a><\/figure>\n\n<p> T\u00edtulo <strong>Nombre del\/la cient\u00edfico\/a<\/strong><\/p>\n\n<figure class=\"wp-block-image\"><a href=\"https:\/\/www.oslc.org\/es\/\"><img decoding=\"async\" src=\"https:\/\/www.oslc.org\/wp-content\/uploads\/2022\/05\/Tess-Photo-BW-240x300.jpg\" alt=\"\"\/><\/a><\/figure>\n\n<p> T\u00edtulo <strong>Nombre del\/la cient\u00edfico\/a<\/strong><\/p>\n\n<figure class=\"wp-block-image\"><a href=\"https:\/\/www.oslc.org\/es\/\"><img decoding=\"async\" src=\"https:\/\/www.oslc.org\/wp-content\/uploads\/2022\/05\/Tess-Photo-BW-240x300.jpg\" alt=\"\"\/><\/a><\/figure>\n\n<p> T\u00edtulo <strong>Nombre del\/la cient\u00edfico\/a<\/strong><\/p>\n\n<figure class=\"wp-block-image\"><a href=\"https:\/\/www.oslc.org\/es\/\"><img decoding=\"async\" src=\"https:\/\/www.oslc.org\/wp-content\/uploads\/2022\/05\/Tess-Photo-BW-240x300.jpg\" alt=\"\"\/><\/a><\/figure>\n\n<p> T\u00edtulo <strong>Nombre del\/la cient\u00edfico\/a<\/strong><\/p>\n\n<figure class=\"wp-block-image\"><a href=\"https:\/\/www.oslc.org\/es\/\"><img decoding=\"async\" src=\"https:\/\/www.oslc.org\/wp-content\/uploads\/2022\/05\/Tess-Photo-BW-240x300.jpg\" alt=\"\"\/><\/a><\/figure>\n\n<p> T\u00edtulo <strong>Nombre del\/la cient\u00edfico\/a<\/strong><\/p>\n\n<figure class=\"wp-block-image\"><a href=\"https:\/\/www.oslc.org\/es\/\"><img decoding=\"async\" src=\"https:\/\/www.oslc.org\/wp-content\/uploads\/2022\/05\/Tess-Photo-BW-240x300.jpg\" alt=\"\"\/><\/a><\/figure>\n\n<p> T\u00edtulo <strong>Nombre del\/la cient\u00edfico\/a<\/strong><\/p>\n\n<figure class=\"wp-block-image\"><a href=\"https:\/\/www.oslc.org\/es\/\"><img decoding=\"async\" src=\"https:\/\/www.oslc.org\/wp-content\/uploads\/2022\/05\/Tess-Photo-BW-240x300.jpg\" alt=\"\"\/><\/a><\/figure>\n\n<p> T\u00edtulo <strong>Nombre del\/la cient\u00edfico\/a<\/strong><\/p>\n\n<figure class=\"wp-block-image\"><a href=\"https:\/\/www.oslc.org\/es\/\"><img decoding=\"async\" src=\"https:\/\/www.oslc.org\/wp-content\/uploads\/2022\/05\/Tess-Photo-BW-240x300.jpg\" alt=\"\"\/><\/a><\/figure>\n\n<p> <br\/><strong>T\u00edtulo Nombre del\/la cient\u00edfico\/a<\/strong><\/p>\n\n<figure class=\"wp-block-image\"><a href=\"https:\/\/www.oslc.org\/es\/\"><img decoding=\"async\" src=\"https:\/\/www.oslc.org\/wp-content\/uploads\/2022\/05\/Tess-Photo-BW-240x300.jpg\" alt=\"\"\/><\/a><\/figure>\n\n<p> <br\/><strong>T\u00edtulo Nombre del\/la cient\u00edfico\/a<\/strong><\/p>\n\n<figure class=\"wp-block-image\"><a href=\"https:\/\/www.oslc.org\/es\/\"><img decoding=\"async\" src=\"https:\/\/www.oslc.org\/wp-content\/uploads\/2022\/05\/Tess-Photo-BW-240x300.jpg\" alt=\"\"\/><\/a><\/figure>\n\n<p> <br\/><strong>T\u00edtulo Nombre del\/la cient\u00edfico\/a<\/strong><\/p>\n\n<figure class=\"wp-block-image\"><a href=\"https:\/\/www.oslc.org\/es\/\"><img decoding=\"async\" src=\"https:\/\/www.oslc.org\/wp-content\/uploads\/2022\/05\/Tess-Photo-BW-240x300.jpg\" alt=\"\"\/><\/a><\/figure>\n\n<p> T\u00edtulo<br\/><\/p>\n","protected":false},"excerpt":{"rendered":"<p>Los cient\u00edficos de OSLC han obtenido su Ph.D. en psicolog\u00eda cl\u00ednica, del desarrollo, de asesoramiento, cuantitativa o escolar. Cada uno publica extensamente en literatura cient\u00edfica y, en conjunto, los cient\u00edficos de OSLC han producido m\u00e1s de 1,000 publicaciones. Los cient\u00edficos de OSLC presentan regularmente los resultados de sus investigaciones en conferencias internacionales, nacionales, regionales y\/o [&hellip;]<\/p>\n","protected":false},"author":7,"featured_media":0,"parent":0,"menu_order":0,"comment_status":"closed","ping_status":"closed","template":"page-scientist-es.php","meta":{"_acf_changed":false,"_seopress_robots_primary_cat":"","_seopress_titles_title":"","_seopress_titles_desc":"","_seopress_robots_index":"","site-sidebar-layout":"default","site-content-layout":null,"ast-site-content-layout":"default","site-content-style":"default","site-sidebar-style":"default","ast-global-header-display":"","ast-banner-title-visibility":"","ast-main-header-display":"","ast-hfb-above-header-display":"","ast-hfb-below-header-display":"","ast-hfb-mobile-header-display":"","site-post-title":"disabled","ast-breadcrumbs-content":"","ast-featured-img":"","footer-sml-layout":"","ast-disable-related-posts":"","theme-transparent-header-meta":"","adv-header-id-meta":"","stick-header-meta":null,"header-above-stick-meta":null,"header-main-stick-meta":null,"header-below-stick-meta":null,"astra-migrate-meta-layouts":"set","ast-page-background-enabled":"default","ast-page-background-meta":{"desktop":{"background-color":"","background-image":"","background-repeat":"repeat","background-position":"center center","background-size":"auto","background-attachment":"scroll","background-type":"","background-media":"","overlay-type":"","overlay-color":"","overlay-opacity":"","overlay-gradient":""},"tablet":{"background-color":"","background-image":"","background-repeat":"repeat","background-position":"center center","background-size":"auto","background-attachment":"scroll","background-type":"","background-media":"","overlay-type":"","overlay-color":"","overlay-opacity":"","overlay-gradient":""},"mobile":{"background-color":"","background-image":"","background-repeat":"repeat","background-position":"center center","background-size":"auto","background-attachment":"scroll","background-type":"","background-media":"","overlay-type":"","overlay-color":"","overlay-opacity":"","overlay-gradient":""}},"ast-content-background-meta":{"desktop":{"background-color":"var(--ast-global-color-5)","background-image":"","background-repeat":"repeat","background-position":"center center","background-size":"auto","background-attachment":"scroll","background-type":"","background-media":"","overlay-type":"","overlay-color":"","overlay-opacity":"","overlay-gradient":""},"tablet":{"background-color":"var(--ast-global-color-5)","background-image":"","background-repeat":"repeat","background-position":"center center","background-size":"auto","background-attachment":"scroll","background-type":"","background-media":"","overlay-type":"","overlay-color":"","overlay-opacity":"","overlay-gradient":""},"mobile":{"background-color":"var(--ast-global-color-5)","background-image":"","background-repeat":"repeat","background-position":"center center","background-size":"auto","background-attachment":"scroll","background-type":"","background-media":"","overlay-type":"","overlay-color":"","overlay-opacity":"","overlay-gradient":""}},"footnotes":""},"class_list":["post-12968","page","type-page","status-publish","hentry"],"acf":[],"_links":{"self":[{"href":"https:\/\/www.oslc.org\/es\/wp-json\/wp\/v2\/pages\/12968","targetHints":{"allow":["GET"]}}],"collection":[{"href":"https:\/\/www.oslc.org\/es\/wp-json\/wp\/v2\/pages"}],"about":[{"href":"https:\/\/www.oslc.org\/es\/wp-json\/wp\/v2\/types\/page"}],"author":[{"embeddable":true,"href":"https:\/\/www.oslc.org\/es\/wp-json\/wp\/v2\/users\/7"}],"replies":[{"embeddable":true,"href":"https:\/\/www.oslc.org\/es\/wp-json\/wp\/v2\/comments?post=12968"}],"version-history":[{"count":0,"href":"https:\/\/www.oslc.org\/es\/wp-json\/wp\/v2\/pages\/12968\/revisions"}],"wp:attachment":[{"href":"https:\/\/www.oslc.org\/es\/wp-json\/wp\/v2\/media?parent=12968"}],"curies":[{"name":"wp","href":"https:\/\/api.w.org\/{rel}","templated":true}]}}